{"id":9,"date":"2011-12-05T17:16:32","date_gmt":"2011-12-05T17:16:32","guid":{"rendered":"http:\/\/walkers.brighthost.ca\/?page_id=9"},"modified":"2017-12-30T18:54:20","modified_gmt":"2017-12-30T18:54:20","slug":"security-services","status":"publish","type":"page","link":"https:\/\/walkerssecurity.ca\/fr\/security-services\/","title":{"rendered":"Services Offerts"},"content":{"rendered":"<p>S\u00e9curit\u00e9 Walkers\u00a0emploie des agents de s\u00e9curit\u00e9 professionnels hautement qualifi\u00e9s pour chaque mission. Ces agents forment le noyau de notre main-d&#8217;\u0153uvre, laquelle est bilingue, flexible et extr\u00eamement adaptable (gestion de crise). Tous nos agents, qui ont pour mission de fournir un service sup\u00e9rieur, sont form\u00e9s aux technologies les plus r\u00e9centes de fa\u00e7on \u00e0 pouvoir g\u00e9rer les syst\u00e8mes de s\u00e9curit\u00e9 des clients. Pour en savoir plus sur nos protocoles de recrutement et de formation, veuillez consulter la partie intitul\u00e9e <a href=\"\/fr\/a-propos\/\">Personnel de Walkers<\/a>.<!--more--><\/p>\n","protected":false},"excerpt":{"rendered":"<p>Walkers employs highly qualified professional security guards for each and every situation. They are the core of our bilingual workforce, flexible and extremely versatile in assignments such as crisis management.<\/p>\n","protected":false},"author":5,"featured_media":169,"parent":0,"menu_order":0,"comment_status":"open","ping_status":"closed","template":"","meta":{"footnotes":""},"class_list":["post-9","page","type-page","status-publish","has-post-thumbnail","hentry"],"translation":{"provider":"WPGlobus","version":"3.0.0","language":"fr","enabled_languages":["en","fr"],"languages":{"en":{"title":true,"content":true,"excerpt":false},"fr":{"title":true,"content":true,"excerpt":false}}},"_links":{"self":[{"href":"https:\/\/walkerssecurity.ca\/fr\/wp-json\/wp\/v2\/pages\/9","targetHints":{"allow":["GET"]}}],"collection":[{"href":"https:\/\/walkerssecurity.ca\/fr\/wp-json\/wp\/v2\/pages"}],"about":[{"href":"https:\/\/walkerssecurity.ca\/fr\/wp-json\/wp\/v2\/types\/page"}],"author":[{"embeddable":true,"href":"https:\/\/walkerssecurity.ca\/fr\/wp-json\/wp\/v2\/users\/5"}],"replies":[{"embeddable":true,"href":"https:\/\/walkerssecurity.ca\/fr\/wp-json\/wp\/v2\/comments?post=9"}],"version-history":[{"count":10,"href":"https:\/\/walkerssecurity.ca\/fr\/wp-json\/wp\/v2\/pages\/9\/revisions"}],"predecessor-version":[{"id":977,"href":"https:\/\/walkerssecurity.ca\/fr\/wp-json\/wp\/v2\/pages\/9\/revisions\/977"}],"wp:featuredmedia":[{"embeddable":true,"href":"https:\/\/walkerssecurity.ca\/fr\/wp-json\/wp\/v2\/media\/169"}],"wp:attachment":[{"href":"https:\/\/walkerssecurity.ca\/fr\/wp-json\/wp\/v2\/media?parent=9"}],"curies":[{"name":"wp","href":"https:\/\/api.w.org\/{rel}","templated":true}]}}