{"id":512,"date":"2012-02-14T19:27:27","date_gmt":"2012-02-14T19:27:27","guid":{"rendered":"http:\/\/walkers.nb.ca\/?page_id=512"},"modified":"2017-12-30T19:06:58","modified_gmt":"2017-12-30T19:06:58","slug":"greg-cohoon","status":"publish","type":"page","link":"https:\/\/walkerssecurity.ca\/fr\/about-us\/walkers-board-of-advisors\/greg-cohoon\/","title":{"rendered":"Greg Cohoon"},"content":{"rendered":"<p>G.D.J. (Greg) Cohoon (chef de police, R.S.)<\/p>\n<p>M. Cohoon poss\u00e8de une vaste exp\u00e9rience dans l\u2019administration et les op\u00e9rations polici\u00e8res publiques, ayant travaill\u00e9 pendant plus de quarante ann\u00e9es au sein des services policiers, y compris vingt ann\u00e9es au sein de la Gendarmerie royale du Canada et vingt-trois ann\u00e9es \u00e0 titre de chef du Service de police de Moncton, au Nouveau-Brunswick.<\/p>\n<p>M. Cohoon est dipl\u00f4m\u00e9 du programme de perfectionnement des cadres sup\u00e9rieurs policiers du Coll\u00e8ge canadien de police, \u00e0 Ottawa. Il est aussi dipl\u00f4m\u00e9 du programme de l\u2019application de la loi du Federal Bureau of Investigation (FBI),\u00a0 dont le si\u00e8ge est situ\u00e9 \u00e0 Quantico, dans l\u2019\u00c9tat am\u00e9ricain du Virginia . Il est ancien pr\u00e9sident et membre \u00e0 vie de l\u2019Association canadienne des chefs de police, ainsi qu\u2019ancien pr\u00e9sident et membre \u00e0 vie des associations des chefs de police du Nouveau-Brunswick et de l\u2019Atlantique.<\/p>\n<p>M. Cohoon est membre \u00e0 vie de la International Association of Chiefs of Police, et il a \u00e9t\u00e9 d\u00e9cern\u00e9 un prix de la IACP pour sa contribution exceptionnelle au professionnalisme dans l\u2019application de la loi. Il a aussi re\u00e7u la M\u00e9daille de la police pour services distingu\u00e9s, et il est r\u00e9cipiendaire de la M\u00e9daille du jubil\u00e9 de la reine \u00c9lisabeth.<\/p>\n","protected":false},"excerpt":{"rendered":"<p>G.D.J. (Greg) Cohoon (chef de police, R.S.) M. Cohoon poss\u00e8de une vaste exp\u00e9rience dans l\u2019administration et les op\u00e9rations polici\u00e8res publiques, ayant travaill\u00e9 pendant plus de quarante ann\u00e9es au sein des services policiers, y compris vingt ann\u00e9es au sein de la Gendarmerie royale du Canada et vingt-trois ann\u00e9es \u00e0 titre de chef du Service de police <a href=\"https:\/\/walkerssecurity.ca\/fr\/about-us\/walkers-board-of-advisors\/greg-cohoon\/\" class=\"read-more-excerpt\">Read More <i class=\"fa fa-chevron-circle-right\"><\/i><\/a><\/p>\n","protected":false},"author":5,"featured_media":0,"parent":204,"menu_order":0,"comment_status":"open","ping_status":"closed","template":"","meta":{"footnotes":""},"class_list":["post-512","page","type-page","status-publish","hentry"],"translation":{"provider":"WPGlobus","version":"3.0.0","language":"fr","enabled_languages":["en","fr"],"languages":{"en":{"title":true,"content":true,"excerpt":false},"fr":{"title":false,"content":true,"excerpt":false}}},"_links":{"self":[{"href":"https:\/\/walkerssecurity.ca\/fr\/wp-json\/wp\/v2\/pages\/512","targetHints":{"allow":["GET"]}}],"collection":[{"href":"https:\/\/walkerssecurity.ca\/fr\/wp-json\/wp\/v2\/pages"}],"about":[{"href":"https:\/\/walkerssecurity.ca\/fr\/wp-json\/wp\/v2\/types\/page"}],"author":[{"embeddable":true,"href":"https:\/\/walkerssecurity.ca\/fr\/wp-json\/wp\/v2\/users\/5"}],"replies":[{"embeddable":true,"href":"https:\/\/walkerssecurity.ca\/fr\/wp-json\/wp\/v2\/comments?post=512"}],"version-history":[{"count":7,"href":"https:\/\/walkerssecurity.ca\/fr\/wp-json\/wp\/v2\/pages\/512\/revisions"}],"predecessor-version":[{"id":999,"href":"https:\/\/walkerssecurity.ca\/fr\/wp-json\/wp\/v2\/pages\/512\/revisions\/999"}],"up":[{"embeddable":true,"href":"https:\/\/walkerssecurity.ca\/fr\/wp-json\/wp\/v2\/pages\/204"}],"wp:attachment":[{"href":"https:\/\/walkerssecurity.ca\/fr\/wp-json\/wp\/v2\/media?parent=512"}],"curies":[{"name":"wp","href":"https:\/\/api.w.org\/{rel}","templated":true}]}}