{"id":493,"date":"2012-01-09T14:37:10","date_gmt":"2012-01-09T14:37:10","guid":{"rendered":"http:\/\/walkers.nb.ca\/?page_id=493"},"modified":"2017-12-30T19:07:21","modified_gmt":"2017-12-30T19:07:21","slug":"bill-comeau","status":"publish","type":"page","link":"https:\/\/walkerssecurity.ca\/fr\/about-us\/walkers-board-of-advisors\/bill-comeau\/","title":{"rendered":"Bill Comeau"},"content":{"rendered":"<p>William Comeau est comptable agr\u00e9\u00e9 qui a si\u00e9g\u00e9 \u00e0 de nombreux conseils d\u2019administration. Il est ancien pr\u00e9sident de la R\u00e9gie r\u00e9gionale de la sant\u00e9 du Sud-Est, qui comprend les h\u00f4pitaux de Moncton et de Sackville. Il est aussi l\u2019un des fondateurs du Moncton Flight College. M. Comeau est retrait\u00e9 de Medavie, o\u00f9 il a servi \u00e0 titre de premier vice-pr\u00e9sident.<\/p>\n","protected":false},"excerpt":{"rendered":"<p>William Comeau est comptable agr\u00e9\u00e9 qui a si\u00e9g\u00e9 \u00e0 de nombreux conseils d\u2019administration. Il est ancien pr\u00e9sident de la R\u00e9gie r\u00e9gionale de la sant\u00e9 du Sud-Est, qui comprend les h\u00f4pitaux de Moncton et de Sackville. Il est aussi l\u2019un des fondateurs du Moncton Flight College. M. Comeau est retrait\u00e9 de Medavie, o\u00f9 il a servi <a href=\"https:\/\/walkerssecurity.ca\/fr\/about-us\/walkers-board-of-advisors\/bill-comeau\/\" class=\"read-more-excerpt\">Read More <i class=\"fa fa-chevron-circle-right\"><\/i><\/a><\/p>\n","protected":false},"author":5,"featured_media":0,"parent":204,"menu_order":1,"comment_status":"open","ping_status":"closed","template":"","meta":{"footnotes":""},"class_list":["post-493","page","type-page","status-publish","hentry"],"translation":{"provider":"WPGlobus","version":"3.0.0","language":"fr","enabled_languages":["en","fr"],"languages":{"en":{"title":true,"content":true,"excerpt":false},"fr":{"title":false,"content":true,"excerpt":false}}},"_links":{"self":[{"href":"https:\/\/walkerssecurity.ca\/fr\/wp-json\/wp\/v2\/pages\/493","targetHints":{"allow":["GET"]}}],"collection":[{"href":"https:\/\/walkerssecurity.ca\/fr\/wp-json\/wp\/v2\/pages"}],"about":[{"href":"https:\/\/walkerssecurity.ca\/fr\/wp-json\/wp\/v2\/types\/page"}],"author":[{"embeddable":true,"href":"https:\/\/walkerssecurity.ca\/fr\/wp-json\/wp\/v2\/users\/5"}],"replies":[{"embeddable":true,"href":"https:\/\/walkerssecurity.ca\/fr\/wp-json\/wp\/v2\/comments?post=493"}],"version-history":[{"count":4,"href":"https:\/\/walkerssecurity.ca\/fr\/wp-json\/wp\/v2\/pages\/493\/revisions"}],"predecessor-version":[{"id":1000,"href":"https:\/\/walkerssecurity.ca\/fr\/wp-json\/wp\/v2\/pages\/493\/revisions\/1000"}],"up":[{"embeddable":true,"href":"https:\/\/walkerssecurity.ca\/fr\/wp-json\/wp\/v2\/pages\/204"}],"wp:attachment":[{"href":"https:\/\/walkerssecurity.ca\/fr\/wp-json\/wp\/v2\/media?parent=493"}],"curies":[{"name":"wp","href":"https:\/\/api.w.org\/{rel}","templated":true}]}}