{"id":490,"date":"2012-01-09T14:36:27","date_gmt":"2012-01-09T14:36:27","guid":{"rendered":"http:\/\/walkers.nb.ca\/?page_id=490"},"modified":"2017-12-30T19:06:32","modified_gmt":"2017-12-30T19:06:32","slug":"brian-baxter","status":"publish","type":"page","link":"https:\/\/walkerssecurity.ca\/fr\/about-us\/walkers-board-of-advisors\/brian-baxter\/","title":{"rendered":"Brian Baxter"},"content":{"rendered":"<p>Brian Baxter est originaire de Moncton et dipl\u00f4m\u00e9 de l\u2019\u00e9cole Rothesay Collegiate et de l\u2019Universit\u00e9 du Nouveau-Brunswick. Il a aussi \u00e9t\u00e9 pr\u00e9sident et directeur g\u00e9n\u00e9ral du coll\u00e8ge Oulton et de B-Movie Assets Inc.<\/p>\n<p>M. Baxter est actuellement pr\u00e9sident et directeur g\u00e9n\u00e9ral de Botsford Investment Inc.<\/p>\n<p>Il est ancien pr\u00e9sident de l\u2019Association des coll\u00e8ges carri\u00e8res du Nouveau-Brunswick, du Club Moncton, de Moncton Centre-Ville Inc. et<strong> <\/strong>du Club Rotary de Moncton. Il est ancien pr\u00e9sident d\u2019Entreprise Grand Moncton et pr\u00e9sident du conseil d\u2019administration du Moncton Flight College.<\/p>\n<p>La revue <em>Atlantic Business Magazine<\/em> a rendu hommage \u00e0 M. Baxter en juillet 2002, en lui d\u00e9cernant le titre de l\u2019un des 50 meilleurs pr\u00e9sidents du Canada atlantique.<\/p>\n<p>En mai 2003, M. Baxter a \u00e9t\u00e9 \u00e9lu par le Conseil des gouverneurs pour si\u00e9ger au conseil d\u2019administration de l\u2019Universit\u00e9 du Nouveau-Brunswick. Il a \u00e9t\u00e9 renomm\u00e9 au poste en Octobre 2006. Il est membre des comit\u00e9s des finances, de l\u2019avancement, de nomination et d\u2019examen et des ressources humaines. Il est aussi pr\u00e9sident du comit\u00e9 de l\u2019investissement de l\u2019universit\u00e9.<\/p>\n<p>M. Baxter si\u00e8ge actuellement aux conseils d\u2019administration suivants:<\/p>\n<ul>\n<li><a href=\"Symphonie%20Nouveau-Brunswick\">Symphonie Nouveau-Brunswick<\/a><\/li>\n<li><a href=\"Services%20Nouveau-Brunswick\">Services Nouveau-Brunswick<\/a><\/li>\n<li><a href=\"A%C3%A9roport%20International%20du%20Grand%20Moncton\">Direction de l\u2019A\u00e9roport international du Grand Moncton<\/a><\/li>\n<li>Conseiller si\u00e9geant au Comit\u00e9 consultatif des<strong> <\/strong>nominations judiciaires<\/li>\n<\/ul>\n","protected":false},"excerpt":{"rendered":"<p>Brian Baxter est originaire de Moncton et dipl\u00f4m\u00e9 de l\u2019\u00e9cole Rothesay Collegiate et de l\u2019Universit\u00e9 du Nouveau-Brunswick. Il a aussi \u00e9t\u00e9 pr\u00e9sident et directeur g\u00e9n\u00e9ral du coll\u00e8ge Oulton et de B-Movie Assets Inc. M. Baxter est actuellement pr\u00e9sident et directeur g\u00e9n\u00e9ral de Botsford Investment Inc. Il est ancien pr\u00e9sident de l\u2019Association des coll\u00e8ges carri\u00e8res du <a href=\"https:\/\/walkerssecurity.ca\/fr\/about-us\/walkers-board-of-advisors\/brian-baxter\/\" class=\"read-more-excerpt\">Read More <i class=\"fa fa-chevron-circle-right\"><\/i><\/a><\/p>\n","protected":false},"author":5,"featured_media":0,"parent":204,"menu_order":0,"comment_status":"open","ping_status":"closed","template":"","meta":{"footnotes":""},"class_list":["post-490","page","type-page","status-publish","hentry"],"translation":{"provider":"WPGlobus","version":"3.0.0","language":"fr","enabled_languages":["en","fr"],"languages":{"en":{"title":true,"content":true,"excerpt":false},"fr":{"title":false,"content":true,"excerpt":false}}},"_links":{"self":[{"href":"https:\/\/walkerssecurity.ca\/fr\/wp-json\/wp\/v2\/pages\/490","targetHints":{"allow":["GET"]}}],"collection":[{"href":"https:\/\/walkerssecurity.ca\/fr\/wp-json\/wp\/v2\/pages"}],"about":[{"href":"https:\/\/walkerssecurity.ca\/fr\/wp-json\/wp\/v2\/types\/page"}],"author":[{"embeddable":true,"href":"https:\/\/walkerssecurity.ca\/fr\/wp-json\/wp\/v2\/users\/5"}],"replies":[{"embeddable":true,"href":"https:\/\/walkerssecurity.ca\/fr\/wp-json\/wp\/v2\/comments?post=490"}],"version-history":[{"count":5,"href":"https:\/\/walkerssecurity.ca\/fr\/wp-json\/wp\/v2\/pages\/490\/revisions"}],"predecessor-version":[{"id":997,"href":"https:\/\/walkerssecurity.ca\/fr\/wp-json\/wp\/v2\/pages\/490\/revisions\/997"}],"up":[{"embeddable":true,"href":"https:\/\/walkerssecurity.ca\/fr\/wp-json\/wp\/v2\/pages\/204"}],"wp:attachment":[{"href":"https:\/\/walkerssecurity.ca\/fr\/wp-json\/wp\/v2\/media?parent=490"}],"curies":[{"name":"wp","href":"https:\/\/api.w.org\/{rel}","templated":true}]}}