{"id":214,"date":"2011-12-07T15:56:29","date_gmt":"2011-12-07T15:56:29","guid":{"rendered":"http:\/\/walkers.brighthost.ca\/?page_id=214"},"modified":"2017-12-30T19:09:38","modified_gmt":"2017-12-30T19:09:38","slug":"deployment","status":"publish","type":"page","link":"https:\/\/walkerssecurity.ca\/fr\/about-us\/walkers-security-staff-training-and-qualifications\/deployment\/","title":{"rendered":"Deployment"},"content":{"rendered":"<p>Avant d&#8217;\u00eatre affect\u00e9 \u00e0 un client, le personnel re\u00e7oit des informations d\u00e9taill\u00e9es pour bien comprendre son travail et les attentes du client, lesquelles ont \u00e9t\u00e9 \u00e9tablies au pr\u00e9alable lors de consultations avec celui-ci.<!--more--><\/p>\n<p>Le personnel de Walkers est soutenu, sur place, par des superviseurs. Sur les lieux importants, il s&#8217;agit de superviseurs de quart et d&#8217;une cha\u00eene de commandement bien d\u00e9finie permettant une communication sans faille avec le client.<\/p>\n","protected":false},"excerpt":{"rendered":"<p>Before being deployed to work locations, personnel receive detailed site-specific briefings to ensure that they have a clear understanding of the task and expectations, based on prior consultation with the client.<\/p>\n","protected":false},"author":5,"featured_media":172,"parent":207,"menu_order":3,"comment_status":"open","ping_status":"closed","template":"","meta":{"footnotes":""},"class_list":["post-214","page","type-page","status-publish","has-post-thumbnail","hentry"],"translation":{"provider":"WPGlobus","version":"3.0.0","language":"fr","enabled_languages":["en","fr"],"languages":{"en":{"title":true,"content":true,"excerpt":false},"fr":{"title":false,"content":true,"excerpt":false}}},"_links":{"self":[{"href":"https:\/\/walkerssecurity.ca\/fr\/wp-json\/wp\/v2\/pages\/214","targetHints":{"allow":["GET"]}}],"collection":[{"href":"https:\/\/walkerssecurity.ca\/fr\/wp-json\/wp\/v2\/pages"}],"about":[{"href":"https:\/\/walkerssecurity.ca\/fr\/wp-json\/wp\/v2\/types\/page"}],"author":[{"embeddable":true,"href":"https:\/\/walkerssecurity.ca\/fr\/wp-json\/wp\/v2\/users\/5"}],"replies":[{"embeddable":true,"href":"https:\/\/walkerssecurity.ca\/fr\/wp-json\/wp\/v2\/comments?post=214"}],"version-history":[{"count":6,"href":"https:\/\/walkerssecurity.ca\/fr\/wp-json\/wp\/v2\/pages\/214\/revisions"}],"predecessor-version":[{"id":1007,"href":"https:\/\/walkerssecurity.ca\/fr\/wp-json\/wp\/v2\/pages\/214\/revisions\/1007"}],"up":[{"embeddable":true,"href":"https:\/\/walkerssecurity.ca\/fr\/wp-json\/wp\/v2\/pages\/207"}],"wp:featuredmedia":[{"embeddable":true,"href":"https:\/\/walkerssecurity.ca\/fr\/wp-json\/wp\/v2\/media\/172"}],"wp:attachment":[{"href":"https:\/\/walkerssecurity.ca\/fr\/wp-json\/wp\/v2\/media?parent=214"}],"curies":[{"name":"wp","href":"https:\/\/api.w.org\/{rel}","templated":true}]}}