{"id":212,"date":"2011-12-07T15:56:19","date_gmt":"2011-12-07T15:56:19","guid":{"rendered":"http:\/\/walkers.brighthost.ca\/?page_id=212"},"modified":"2017-12-30T19:09:01","modified_gmt":"2017-12-30T19:09:01","slug":"training","status":"publish","type":"page","link":"https:\/\/walkerssecurity.ca\/fr\/about-us\/walkers-security-staff-training-and-qualifications\/training\/","title":{"rendered":"Training"},"content":{"rendered":"<p>Une fois recrut\u00e9s, les nouveaux employ\u00e9s suivent une formation sur les\u00a0m\u00e9thodes, proc\u00e9dures, protocoles et normes de Walkers, en insistant sur les techniques de patrouilles efficaces, les relations humaines, la gestion des incidents et la cr\u00e9ation de rapports.<!--more--><\/p>\n<p>Pour les clients qui ont des besoins particuliers, une formation adapt\u00e9e est offerte, en salle de classe, en ligne ou sur le tas. Par exemple, les agents de s\u00e9curit\u00e9 affect\u00e9s \u00e0 des \u00e9tablissements de soins de sant\u00e9 suivent une formation sur l&#8217;IAHSS (International Association\u00a0of\u00a0Health Care\u00a0Security\u00a0and\u00a0Safety). Walkers offre d&#8217;autres programmes de formation, par exemple sur certains aspects de l&#8217;application de la loi, les premiers soins, les interventions non violentes en situation de crise, ainsi que d&#8217;autres sujets, selon les besoins.<\/p>\n","protected":false},"excerpt":{"rendered":"<p>Once hired, new recruits receive additional training in Walkers methods, procedures, protocols and standards, with emphasis on effective patrolling, human relations, and incident management and reporting.<\/p>\n","protected":false},"author":5,"featured_media":172,"parent":207,"menu_order":2,"comment_status":"open","ping_status":"closed","template":"","meta":{"footnotes":""},"class_list":["post-212","page","type-page","status-publish","has-post-thumbnail","hentry"],"translation":{"provider":"WPGlobus","version":"3.0.0","language":"fr","enabled_languages":["en","fr"],"languages":{"en":{"title":true,"content":true,"excerpt":false},"fr":{"title":false,"content":true,"excerpt":false}}},"_links":{"self":[{"href":"https:\/\/walkerssecurity.ca\/fr\/wp-json\/wp\/v2\/pages\/212","targetHints":{"allow":["GET"]}}],"collection":[{"href":"https:\/\/walkerssecurity.ca\/fr\/wp-json\/wp\/v2\/pages"}],"about":[{"href":"https:\/\/walkerssecurity.ca\/fr\/wp-json\/wp\/v2\/types\/page"}],"author":[{"embeddable":true,"href":"https:\/\/walkerssecurity.ca\/fr\/wp-json\/wp\/v2\/users\/5"}],"replies":[{"embeddable":true,"href":"https:\/\/walkerssecurity.ca\/fr\/wp-json\/wp\/v2\/comments?post=212"}],"version-history":[{"count":7,"href":"https:\/\/walkerssecurity.ca\/fr\/wp-json\/wp\/v2\/pages\/212\/revisions"}],"predecessor-version":[{"id":1005,"href":"https:\/\/walkerssecurity.ca\/fr\/wp-json\/wp\/v2\/pages\/212\/revisions\/1005"}],"up":[{"embeddable":true,"href":"https:\/\/walkerssecurity.ca\/fr\/wp-json\/wp\/v2\/pages\/207"}],"wp:featuredmedia":[{"embeddable":true,"href":"https:\/\/walkerssecurity.ca\/fr\/wp-json\/wp\/v2\/media\/172"}],"wp:attachment":[{"href":"https:\/\/walkerssecurity.ca\/fr\/wp-json\/wp\/v2\/media?parent=212"}],"curies":[{"name":"wp","href":"https:\/\/api.w.org\/{rel}","templated":true}]}}