{"id":210,"date":"2011-12-07T15:56:14","date_gmt":"2011-12-07T15:56:14","guid":{"rendered":"http:\/\/walkers.brighthost.ca\/?page_id=210"},"modified":"2017-12-30T19:08:35","modified_gmt":"2017-12-30T19:08:35","slug":"recruitment","status":"publish","type":"page","link":"https:\/\/walkerssecurity.ca\/fr\/about-us\/walkers-security-staff-training-and-qualifications\/recruitment\/","title":{"rendered":"Recruitment"},"content":{"rendered":"<p>De plus en plus, les personnes qui posent leur candidature chez Walkers poss\u00e8dent des dipl\u00f4mes obtenus dans des coll\u00e8ges communautaires ou li\u00e9s \u00e0 des programmes de formation dans\u00a0l&#8217;application de la loi, les services correctionnels et la s\u00e9curit\u00e9 publique.<!--more--><\/p>\n<p>Avant d&#8217;int\u00e9grer l&#8217;\u00e9quipe de Walkers, ces personnes doivent se soumettre \u00e0 un processus rigoureux, comprenant la v\u00e9rification de leurs ant\u00e9c\u00e9dents professionnels, leur CV et r\u00e9f\u00e9rences, ainsi qu&#8217;une \u00e9valuation de personnalit\u00e9 pour d\u00e9terminer leurs capacit\u00e9s par rapport aux diff\u00e9rentes missions.<\/p>\n","protected":false},"excerpt":{"rendered":"<p>Increasingly, applicants for positions with Walkers come to us after graduation from approved community college or career training program courses in law enforcement, corrections and public safety.<\/p>\n","protected":false},"author":5,"featured_media":0,"parent":207,"menu_order":1,"comment_status":"open","ping_status":"closed","template":"","meta":{"footnotes":""},"class_list":["post-210","page","type-page","status-publish","hentry"],"translation":{"provider":"WPGlobus","version":"3.0.0","language":"fr","enabled_languages":["en","fr"],"languages":{"en":{"title":true,"content":true,"excerpt":false},"fr":{"title":false,"content":true,"excerpt":false}}},"_links":{"self":[{"href":"https:\/\/walkerssecurity.ca\/fr\/wp-json\/wp\/v2\/pages\/210","targetHints":{"allow":["GET"]}}],"collection":[{"href":"https:\/\/walkerssecurity.ca\/fr\/wp-json\/wp\/v2\/pages"}],"about":[{"href":"https:\/\/walkerssecurity.ca\/fr\/wp-json\/wp\/v2\/types\/page"}],"author":[{"embeddable":true,"href":"https:\/\/walkerssecurity.ca\/fr\/wp-json\/wp\/v2\/users\/5"}],"replies":[{"embeddable":true,"href":"https:\/\/walkerssecurity.ca\/fr\/wp-json\/wp\/v2\/comments?post=210"}],"version-history":[{"count":6,"href":"https:\/\/walkerssecurity.ca\/fr\/wp-json\/wp\/v2\/pages\/210\/revisions"}],"predecessor-version":[{"id":1003,"href":"https:\/\/walkerssecurity.ca\/fr\/wp-json\/wp\/v2\/pages\/210\/revisions\/1003"}],"up":[{"embeddable":true,"href":"https:\/\/walkerssecurity.ca\/fr\/wp-json\/wp\/v2\/pages\/207"}],"wp:attachment":[{"href":"https:\/\/walkerssecurity.ca\/fr\/wp-json\/wp\/v2\/media?parent=210"}],"curies":[{"name":"wp","href":"https:\/\/api.w.org\/{rel}","templated":true}]}}