{"id":207,"date":"2011-12-07T15:55:38","date_gmt":"2011-12-07T15:55:38","guid":{"rendered":"http:\/\/walkers.brighthost.ca\/?page_id=207"},"modified":"2017-12-30T19:07:59","modified_gmt":"2017-12-30T19:07:59","slug":"walkers-security-staff-training-and-qualifications","status":"publish","type":"page","link":"https:\/\/walkerssecurity.ca\/fr\/about-us\/walkers-security-staff-training-and-qualifications\/","title":{"rendered":"Walkers Security Staff Training and Qualifications"},"content":{"rendered":"<p>S\u00e9curit\u00e9 Walkers\u00a0permet \u00e0 ses clients de r\u00e9aliser des \u00e9conomies en leur offrant des services de premier ordre ainsi qu&#8217;un degr\u00e9 \u00e9lev\u00e9 de comp\u00e9tence et de professionnalisme. Cette norme est le r\u00e9sultat d&#8217;un processus de recrutement et de formation rigoureux ainsi que d&#8217;un niveau \u00e9lev\u00e9 de fid\u00e9lisation du personnel. Nous formons notre personnel de mani\u00e8re \u00e0 ce qu&#8217;il comprenne les besoins et les attentes des clients. Celui-ci est pleinement pr\u00e9par\u00e9 \u00e0 r\u00e9pondre aux exigences de plus en plus complexes de notre industrie, voire \u00e0 les d\u00e9passer.<!--more--><\/p>\n","protected":false},"excerpt":{"rendered":"<p>Walkers Security delivers cost savings to clients by providing first-rate services and a high degree of proficiency and professionalism. This standard is the product of a careful process of recruitment and training and a high level of staff retention.<\/p>\n","protected":false},"author":5,"featured_media":172,"parent":13,"menu_order":0,"comment_status":"open","ping_status":"closed","template":"","meta":{"footnotes":""},"class_list":["post-207","page","type-page","status-publish","has-post-thumbnail","hentry"],"translation":{"provider":"WPGlobus","version":"3.0.0","language":"fr","enabled_languages":["en","fr"],"languages":{"en":{"title":true,"content":true,"excerpt":false},"fr":{"title":false,"content":true,"excerpt":false}}},"_links":{"self":[{"href":"https:\/\/walkerssecurity.ca\/fr\/wp-json\/wp\/v2\/pages\/207","targetHints":{"allow":["GET"]}}],"collection":[{"href":"https:\/\/walkerssecurity.ca\/fr\/wp-json\/wp\/v2\/pages"}],"about":[{"href":"https:\/\/walkerssecurity.ca\/fr\/wp-json\/wp\/v2\/types\/page"}],"author":[{"embeddable":true,"href":"https:\/\/walkerssecurity.ca\/fr\/wp-json\/wp\/v2\/users\/5"}],"replies":[{"embeddable":true,"href":"https:\/\/walkerssecurity.ca\/fr\/wp-json\/wp\/v2\/comments?post=207"}],"version-history":[{"count":7,"href":"https:\/\/walkerssecurity.ca\/fr\/wp-json\/wp\/v2\/pages\/207\/revisions"}],"predecessor-version":[{"id":1001,"href":"https:\/\/walkerssecurity.ca\/fr\/wp-json\/wp\/v2\/pages\/207\/revisions\/1001"}],"up":[{"embeddable":true,"href":"https:\/\/walkerssecurity.ca\/fr\/wp-json\/wp\/v2\/pages\/13"}],"wp:featuredmedia":[{"embeddable":true,"href":"https:\/\/walkerssecurity.ca\/fr\/wp-json\/wp\/v2\/media\/172"}],"wp:attachment":[{"href":"https:\/\/walkerssecurity.ca\/fr\/wp-json\/wp\/v2\/media?parent=207"}],"curies":[{"name":"wp","href":"https:\/\/api.w.org\/{rel}","templated":true}]}}