{"id":204,"date":"2011-12-07T15:54:49","date_gmt":"2011-12-07T15:54:49","guid":{"rendered":"http:\/\/walkers.brighthost.ca\/?page_id=204"},"modified":"2017-12-30T19:05:54","modified_gmt":"2017-12-30T19:05:54","slug":"walkers-board-of-advisors","status":"publish","type":"page","link":"https:\/\/walkerssecurity.ca\/fr\/about-us\/walkers-board-of-advisors\/","title":{"rendered":"Walkers Board of Advisors"},"content":{"rendered":"<p>Afin de pouvoir offrir des\u00a0services de s\u00e9curit\u00e9 de grande qualit\u00e9, il est important de se tenir au courant des tendances, des valeurs, des normes et des attentes des collectivit\u00e9s que nous servons. Nous avons donc mis en place un conseil consultatif externe compos\u00e9 de\u00a0dirigeants\u00a0communautaires et de\u00a0chefs d&#8217;entreprise chevronn\u00e9s.<!--more--><\/p>\n<ul>\n<li><a href=\"http:\/\/walkers.nb.ca\/fr\/a-propos\/conseil-consultatif-de%C2%A0walkers\/brian-baxter\/\">Brian Baxter<\/a><\/li>\n<li><a href=\"http:\/\/walkers.nb.ca\/fr\/a-propos\/conseil-consultatif-de%C2%A0walkers\/greg-cohoon\/\">Greg Cohoon<\/a><\/li>\n<li><a href=\"http:\/\/walkers.nb.ca\/fr\/a-propos\/conseil-consultatif-de%C2%A0walkers\/bill-comeau\/\">Bill Comeau<\/a><\/li>\n<\/ul>\n","protected":false},"excerpt":{"rendered":"<p>Excellence in security services depends on familiarity with the trends, values, standards, and expectations of the communities we serve.\u00a0 With this end in view, Walkers has established an external, objective, Advisory Board of business and community leaders with extensive professional and business experience.\u00a0<\/p>\n","protected":false},"author":5,"featured_media":172,"parent":13,"menu_order":0,"comment_status":"open","ping_status":"closed","template":"","meta":{"footnotes":""},"class_list":["post-204","page","type-page","status-publish","has-post-thumbnail","hentry"],"translation":{"provider":"WPGlobus","version":"3.0.0","language":"fr","enabled_languages":["en","fr"],"languages":{"en":{"title":true,"content":true,"excerpt":false},"fr":{"title":false,"content":true,"excerpt":false}}},"_links":{"self":[{"href":"https:\/\/walkerssecurity.ca\/fr\/wp-json\/wp\/v2\/pages\/204","targetHints":{"allow":["GET"]}}],"collection":[{"href":"https:\/\/walkerssecurity.ca\/fr\/wp-json\/wp\/v2\/pages"}],"about":[{"href":"https:\/\/walkerssecurity.ca\/fr\/wp-json\/wp\/v2\/types\/page"}],"author":[{"embeddable":true,"href":"https:\/\/walkerssecurity.ca\/fr\/wp-json\/wp\/v2\/users\/5"}],"replies":[{"embeddable":true,"href":"https:\/\/walkerssecurity.ca\/fr\/wp-json\/wp\/v2\/comments?post=204"}],"version-history":[{"count":15,"href":"https:\/\/walkerssecurity.ca\/fr\/wp-json\/wp\/v2\/pages\/204\/revisions"}],"predecessor-version":[{"id":996,"href":"https:\/\/walkerssecurity.ca\/fr\/wp-json\/wp\/v2\/pages\/204\/revisions\/996"}],"up":[{"embeddable":true,"href":"https:\/\/walkerssecurity.ca\/fr\/wp-json\/wp\/v2\/pages\/13"}],"wp:featuredmedia":[{"embeddable":true,"href":"https:\/\/walkerssecurity.ca\/fr\/wp-json\/wp\/v2\/media\/172"}],"wp:attachment":[{"href":"https:\/\/walkerssecurity.ca\/fr\/wp-json\/wp\/v2\/media?parent=204"}],"curies":[{"name":"wp","href":"https:\/\/api.w.org\/{rel}","templated":true}]}}