{"id":199,"date":"2011-12-07T15:53:58","date_gmt":"2011-12-07T15:53:58","guid":{"rendered":"http:\/\/walkers.brighthost.ca\/?page_id=199"},"modified":"2024-02-27T19:45:02","modified_gmt":"2024-02-27T19:45:02","slug":"walkers-management-team","status":"publish","type":"page","link":"https:\/\/walkerssecurity.ca\/fr\/about-us\/walkers-management-team\/","title":{"rendered":"Walkers Management Team"},"content":{"rendered":"<p>S\u00e9curit\u00e9 Walkers\u00a0est dirig\u00e9e par une \u00e9quipe de professionnels chevronn\u00e9s :<br \/>\n<!--more--><\/p>\n","protected":false},"excerpt":{"rendered":"<p>S\u00e9curit\u00e9 Walkers\u00a0est dirig\u00e9e par une \u00e9quipe de professionnels chevronn\u00e9s :<\/p>\n","protected":false},"author":5,"featured_media":172,"parent":13,"menu_order":0,"comment_status":"open","ping_status":"closed","template":"","meta":{"footnotes":""},"class_list":["post-199","page","type-page","status-publish","has-post-thumbnail","hentry"],"translation":{"provider":"WPGlobus","version":"3.0.0","language":"fr","enabled_languages":["en","fr"],"languages":{"en":{"title":true,"content":true,"excerpt":false},"fr":{"title":false,"content":true,"excerpt":false}}},"_links":{"self":[{"href":"https:\/\/walkerssecurity.ca\/fr\/wp-json\/wp\/v2\/pages\/199","targetHints":{"allow":["GET"]}}],"collection":[{"href":"https:\/\/walkerssecurity.ca\/fr\/wp-json\/wp\/v2\/pages"}],"about":[{"href":"https:\/\/walkerssecurity.ca\/fr\/wp-json\/wp\/v2\/types\/page"}],"author":[{"embeddable":true,"href":"https:\/\/walkerssecurity.ca\/fr\/wp-json\/wp\/v2\/users\/5"}],"replies":[{"embeddable":true,"href":"https:\/\/walkerssecurity.ca\/fr\/wp-json\/wp\/v2\/comments?post=199"}],"version-history":[{"count":38,"href":"https:\/\/walkerssecurity.ca\/fr\/wp-json\/wp\/v2\/pages\/199\/revisions"}],"predecessor-version":[{"id":1065,"href":"https:\/\/walkerssecurity.ca\/fr\/wp-json\/wp\/v2\/pages\/199\/revisions\/1065"}],"up":[{"embeddable":true,"href":"https:\/\/walkerssecurity.ca\/fr\/wp-json\/wp\/v2\/pages\/13"}],"wp:featuredmedia":[{"embeddable":true,"href":"https:\/\/walkerssecurity.ca\/fr\/wp-json\/wp\/v2\/media\/172"}],"wp:attachment":[{"href":"https:\/\/walkerssecurity.ca\/fr\/wp-json\/wp\/v2\/media?parent=199"}],"curies":[{"name":"wp","href":"https:\/\/api.w.org\/{rel}","templated":true}]}}