{"id":194,"date":"2011-12-07T15:49:04","date_gmt":"2011-12-07T15:49:04","guid":{"rendered":"http:\/\/walkers.brighthost.ca\/?page_id=194"},"modified":"2017-12-30T19:01:46","modified_gmt":"2017-12-30T19:01:46","slug":"courier-pickupdelivery-and-off-site-storage-programs","status":"publish","type":"page","link":"https:\/\/walkerssecurity.ca\/fr\/security-services\/data-security\/courier-pickupdelivery-and-off-site-storage-programs\/","title":{"rendered":"Courier Pickup\/Delivery and Off-site Storage Programs"},"content":{"rendered":"<p>Certains clients\u00a0pr\u00e9f\u00e8rent avoir recours \u00e0 des services de stockage hors site. Walkers offre des services adapt\u00e9s \u00e0 leurs besoins, et donc des services hors pair en la mati\u00e8re.<!--more--><\/p>\n<p>Nos chambres fortes offrent un environnement contr\u00f4l\u00e9 et sont strat\u00e9giquement situ\u00e9es afin de r\u00e9duire au minimum les menaces ext\u00e9rieures. Elles sont de plus \u00e9quip\u00e9es de\u00a0dispositifs de contr\u00f4le des d\u00e9placements, de\u00a0d\u00e9tection et d&#8217;extinction des incendies ainsi que de syst\u00e8mes d&#8217;alarme contre les d\u00e9g\u00e2ts d&#8217;eau. Ces dispositifs sont surveill\u00e9s 24 heures sur 24 et 7 jours sur 7.<\/p>\n<p>C&#8217;est par une collaboration directe avec ses clients que\u00a0Walkers met en place des proc\u00e9dures efficaces de gestion des enregistrements ou des transactions. Pleinement engag\u00e9 \u00e0 offrir un service \u00e0 la client\u00e8le de grande qualit\u00e9, S\u00e9curit\u00e9 Walkers fournit un soutien permanent \u00e0 ses clients pendant toute la dur\u00e9e du contrat.<\/p>\n<p>Pendant les activit\u00e9s de transfert des rubans,\u00a0Walkers offre des services de transport des donn\u00e9es sensibles qui sont professionnels, s\u00fbrs et efficaces. Vous pouvez joindre un employ\u00e9 de Walkers<strong>,\u00a0<\/strong>24 heures sur 24 et 7 jours par semaine, si vous devez livrer ou r\u00e9cup\u00e9rer un ruban.<\/p>\n","protected":false},"excerpt":{"rendered":"<p>Some clients prefer to use off-site physical storage solutions. Walkers tailors them to suit each client&#8217;s unique requirements, thus providing a superior service in offsite data storage.<\/p>\n","protected":false},"author":5,"featured_media":165,"parent":113,"menu_order":0,"comment_status":"open","ping_status":"closed","template":"","meta":{"footnotes":""},"class_list":["post-194","page","type-page","status-publish","has-post-thumbnail","hentry"],"translation":{"provider":"WPGlobus","version":"3.0.0","language":"fr","enabled_languages":["en","fr"],"languages":{"en":{"title":true,"content":true,"excerpt":false},"fr":{"title":false,"content":true,"excerpt":false}}},"_links":{"self":[{"href":"https:\/\/walkerssecurity.ca\/fr\/wp-json\/wp\/v2\/pages\/194","targetHints":{"allow":["GET"]}}],"collection":[{"href":"https:\/\/walkerssecurity.ca\/fr\/wp-json\/wp\/v2\/pages"}],"about":[{"href":"https:\/\/walkerssecurity.ca\/fr\/wp-json\/wp\/v2\/types\/page"}],"author":[{"embeddable":true,"href":"https:\/\/walkerssecurity.ca\/fr\/wp-json\/wp\/v2\/users\/5"}],"replies":[{"embeddable":true,"href":"https:\/\/walkerssecurity.ca\/fr\/wp-json\/wp\/v2\/comments?post=194"}],"version-history":[{"count":8,"href":"https:\/\/walkerssecurity.ca\/fr\/wp-json\/wp\/v2\/pages\/194\/revisions"}],"predecessor-version":[{"id":988,"href":"https:\/\/walkerssecurity.ca\/fr\/wp-json\/wp\/v2\/pages\/194\/revisions\/988"}],"up":[{"embeddable":true,"href":"https:\/\/walkerssecurity.ca\/fr\/wp-json\/wp\/v2\/pages\/113"}],"wp:featuredmedia":[{"embeddable":true,"href":"https:\/\/walkerssecurity.ca\/fr\/wp-json\/wp\/v2\/media\/165"}],"wp:attachment":[{"href":"https:\/\/walkerssecurity.ca\/fr\/wp-json\/wp\/v2\/media?parent=194"}],"curies":[{"name":"wp","href":"https:\/\/api.w.org\/{rel}","templated":true}]}}