{"id":191,"date":"2011-12-07T15:47:30","date_gmt":"2011-12-07T15:47:30","guid":{"rendered":"http:\/\/walkers.brighthost.ca\/?page_id=191"},"modified":"2017-12-30T19:01:13","modified_gmt":"2017-12-30T19:01:13","slug":"disc-to-disc-data-protection-and-cloud-storage-by-i365","status":"publish","type":"page","link":"https:\/\/walkerssecurity.ca\/fr\/security-services\/data-security\/disc-to-disc-data-protection-and-cloud-storage-by-i365\/","title":{"rendered":"Disc-to-Disc Data Protection and Cloud Storage by i365"},"content":{"rendered":"<p>Prot\u00e9gez\u00a0vos donn\u00e9es commerciales et acc\u00e9dez \u00e0 celles-ci, quand vous voulez, o\u00f9 vous voulez; et assurez la continuit\u00e9 de vos activit\u00e9s, m\u00eame au sein d&#8217;un environnement multiplateforme dynamique et multi-sites. Gr\u00e2ce \u00e0 notre partenariat avec <strong>i365<\/strong>, sp\u00e9cialiste des produits de pointe li\u00e9s \u00e0 la protection des donn\u00e9es, le stockage en nuage et les logiciels en tant que service, nous sommes en mesure d&#8217;offrir la s\u00e9curit\u00e9 et la fiabilit\u00e9 de solutions de stockage hautement professionnelles \u00e0 des petites et moyennes entreprises, en fonction de leurs besoins.<!--more--><\/p>\n","protected":false},"excerpt":{"rendered":"<p>Protect and access your business data, anytime, anywhere, and ensure business continuity even in dynamic multi-platform, multi-site environments.<\/p>\n","protected":false},"author":5,"featured_media":192,"parent":113,"menu_order":0,"comment_status":"open","ping_status":"closed","template":"","meta":{"footnotes":""},"class_list":["post-191","page","type-page","status-publish","has-post-thumbnail","hentry"],"translation":{"provider":"WPGlobus","version":"3.0.0","language":"fr","enabled_languages":["en","fr"],"languages":{"en":{"title":true,"content":true,"excerpt":false},"fr":{"title":false,"content":true,"excerpt":false}}},"_links":{"self":[{"href":"https:\/\/walkerssecurity.ca\/fr\/wp-json\/wp\/v2\/pages\/191","targetHints":{"allow":["GET"]}}],"collection":[{"href":"https:\/\/walkerssecurity.ca\/fr\/wp-json\/wp\/v2\/pages"}],"about":[{"href":"https:\/\/walkerssecurity.ca\/fr\/wp-json\/wp\/v2\/types\/page"}],"author":[{"embeddable":true,"href":"https:\/\/walkerssecurity.ca\/fr\/wp-json\/wp\/v2\/users\/5"}],"replies":[{"embeddable":true,"href":"https:\/\/walkerssecurity.ca\/fr\/wp-json\/wp\/v2\/comments?post=191"}],"version-history":[{"count":7,"href":"https:\/\/walkerssecurity.ca\/fr\/wp-json\/wp\/v2\/pages\/191\/revisions"}],"predecessor-version":[{"id":986,"href":"https:\/\/walkerssecurity.ca\/fr\/wp-json\/wp\/v2\/pages\/191\/revisions\/986"}],"up":[{"embeddable":true,"href":"https:\/\/walkerssecurity.ca\/fr\/wp-json\/wp\/v2\/pages\/113"}],"wp:featuredmedia":[{"embeddable":true,"href":"https:\/\/walkerssecurity.ca\/fr\/wp-json\/wp\/v2\/media\/192"}],"wp:attachment":[{"href":"https:\/\/walkerssecurity.ca\/fr\/wp-json\/wp\/v2\/media?parent=191"}],"curies":[{"name":"wp","href":"https:\/\/api.w.org\/{rel}","templated":true}]}}