{"id":151,"date":"2011-12-06T19:41:30","date_gmt":"2011-12-06T19:41:30","guid":{"rendered":"http:\/\/walkers.brighthost.ca\/?page_id=151"},"modified":"2017-12-30T18:55:25","modified_gmt":"2017-12-30T18:55:25","slug":"institutional-security-old","status":"publish","type":"page","link":"https:\/\/walkerssecurity.ca\/fr\/institutional-security-old\/","title":{"rendered":"S\u00e9curit\u00e9 institutionnelle"},"content":{"rendered":"<p>En mati\u00e8re de s\u00e9curit\u00e9, les h\u00f4pitaux, les coll\u00e8ges et les universit\u00e9s poss\u00e8dent des besoins particuliers. En effet, dans ces lieux, les gens vont et viennent en grand nombre. Le personnel de s\u00e9curit\u00e9 doit donc pouvoir s&#8217;adapter afin d&#8217;\u00eatre pr\u00eat \u00e0 intervenir \u00e0 tout moment, dans des circonstances qui changent rapidement et qui sont parfois impr\u00e9visibles.<\/p>\n<p>Les agents de S\u00e9curit\u00e9 Walkers qui travaillent dans des \u00e9tablissements institutionnels ont des s\u00e9ances d&#8217;information sp\u00e9ciales sur la culture des lieux auxquels ils sont affect\u00e9s ainsi que sur les types de probl\u00e8mes susceptibles de se produire. Ils sont pleinement conscients de leur r\u00f4le en tant que membres cl\u00e9s d&#8217;une d&#8217;\u00e9quipe, lequel consiste \u00e0 prot\u00e9ger les services, le personnel et les clients des \u00e9tablissements en question.<\/p>\n","protected":false},"excerpt":{"rendered":"<p>Hospitals, colleges and universities have special security needs. At such locations, large numbers of people come and go, pursuing a many different purposes. Security services personnel, therefore, must be correspondingly adaptable \u2014 ready to respond at a moment\u2019s notice to changing and, at times, unpredictable circumstances.<\/p>\n","protected":false},"author":5,"featured_media":177,"parent":0,"menu_order":0,"comment_status":"open","ping_status":"closed","template":"","meta":{"footnotes":""},"class_list":["post-151","page","type-page","status-publish","has-post-thumbnail","hentry"],"translation":{"provider":"WPGlobus","version":"3.0.0","language":"fr","enabled_languages":["en","fr"],"languages":{"en":{"title":true,"content":true,"excerpt":false},"fr":{"title":true,"content":true,"excerpt":false}}},"_links":{"self":[{"href":"https:\/\/walkerssecurity.ca\/fr\/wp-json\/wp\/v2\/pages\/151","targetHints":{"allow":["GET"]}}],"collection":[{"href":"https:\/\/walkerssecurity.ca\/fr\/wp-json\/wp\/v2\/pages"}],"about":[{"href":"https:\/\/walkerssecurity.ca\/fr\/wp-json\/wp\/v2\/types\/page"}],"author":[{"embeddable":true,"href":"https:\/\/walkerssecurity.ca\/fr\/wp-json\/wp\/v2\/users\/5"}],"replies":[{"embeddable":true,"href":"https:\/\/walkerssecurity.ca\/fr\/wp-json\/wp\/v2\/comments?post=151"}],"version-history":[{"count":18,"href":"https:\/\/walkerssecurity.ca\/fr\/wp-json\/wp\/v2\/pages\/151\/revisions"}],"predecessor-version":[{"id":978,"href":"https:\/\/walkerssecurity.ca\/fr\/wp-json\/wp\/v2\/pages\/151\/revisions\/978"}],"wp:featuredmedia":[{"embeddable":true,"href":"https:\/\/walkerssecurity.ca\/fr\/wp-json\/wp\/v2\/media\/177"}],"wp:attachment":[{"href":"https:\/\/walkerssecurity.ca\/fr\/wp-json\/wp\/v2\/media?parent=151"}],"curies":[{"name":"wp","href":"https:\/\/api.w.org\/{rel}","templated":true}]}}