{"id":15,"date":"2011-12-05T17:17:14","date_gmt":"2011-12-05T17:17:14","guid":{"rendered":"http:\/\/walkers.brighthost.ca\/?page_id=15"},"modified":"2017-12-30T19:10:04","modified_gmt":"2017-12-30T19:10:04","slug":"careers","status":"publish","type":"page","link":"https:\/\/walkerssecurity.ca\/fr\/careers\/","title":{"rendered":"Careers"},"content":{"rendered":"<p>La s\u00e9curit\u00e9 est un domaine stimulant et gratifiant. Nos agents ont un v\u00e9ritable sentiment d&#8217;accomplissement et de satisfaction \u00e0 faire partie d&#8217;une \u00e9quipe qui contribue \u00e0 la s\u00e9curit\u00e9 du public, en ex\u00e9cutant un travail pr\u00e9cieux pour la soci\u00e9t\u00e9 et parfois en sauvant des vies.<!--more--><\/p>\n<p>Au sein d&#8217;un secteur dynamique et en pleine croissance, S\u00e9curit\u00e9 Walkers est toujours heureuse de rencontrer des employ\u00e9s potentiels.<\/p>\n<p>Si vous souhaitez travailler dans le domaine de la s\u00e9curit\u00e9, veuillez lire les parties intitul\u00e9es\u00a0Recrutement, Formation et Affectation, et contactez-nous afin de pouvoir nous faire part de votre candidature, de votre CV \u00e0 jour, de r\u00e9f\u00e9rences et de coordonn\u00e9es :<\/p>\n<p>Par courriel \u00e0\u00a0: <a href=\"mailto:security@walkers.nb.ca\">security@walkers.nb.ca<\/a><\/p>\n<p>Par la poste \u00e0 :<\/p>\n<p>Walkers Security<br \/>\nBo\u00eete 642<br \/>\nMoncton N.-B. E1C 8M7<\/p>\n","protected":false},"excerpt":{"rendered":"<p>Security work is challenging and rewarding.\u00a0 Our officers enjoy a true sense of accomplishment and satisfaction as members of a team that helps to ensure public safety, achieving socially worthwhile goals and even, on occasion, saving lives.<\/p>\n","protected":false},"author":5,"featured_media":0,"parent":0,"menu_order":0,"comment_status":"open","ping_status":"closed","template":"","meta":{"footnotes":""},"class_list":["post-15","page","type-page","status-publish","hentry"],"translation":{"provider":"WPGlobus","version":"3.0.0","language":"fr","enabled_languages":["en","fr"],"languages":{"en":{"title":true,"content":true,"excerpt":false},"fr":{"title":false,"content":true,"excerpt":false}}},"_links":{"self":[{"href":"https:\/\/walkerssecurity.ca\/fr\/wp-json\/wp\/v2\/pages\/15","targetHints":{"allow":["GET"]}}],"collection":[{"href":"https:\/\/walkerssecurity.ca\/fr\/wp-json\/wp\/v2\/pages"}],"about":[{"href":"https:\/\/walkerssecurity.ca\/fr\/wp-json\/wp\/v2\/types\/page"}],"author":[{"embeddable":true,"href":"https:\/\/walkerssecurity.ca\/fr\/wp-json\/wp\/v2\/users\/5"}],"replies":[{"embeddable":true,"href":"https:\/\/walkerssecurity.ca\/fr\/wp-json\/wp\/v2\/comments?post=15"}],"version-history":[{"count":9,"href":"https:\/\/walkerssecurity.ca\/fr\/wp-json\/wp\/v2\/pages\/15\/revisions"}],"predecessor-version":[{"id":1008,"href":"https:\/\/walkerssecurity.ca\/fr\/wp-json\/wp\/v2\/pages\/15\/revisions\/1008"}],"wp:attachment":[{"href":"https:\/\/walkerssecurity.ca\/fr\/wp-json\/wp\/v2\/media?parent=15"}],"curies":[{"name":"wp","href":"https:\/\/api.w.org\/{rel}","templated":true}]}}