{"id":139,"date":"2011-12-06T19:27:22","date_gmt":"2011-12-06T19:27:22","guid":{"rendered":"http:\/\/walkers.brighthost.ca\/?page_id=139"},"modified":"2017-12-30T18:57:58","modified_gmt":"2017-12-30T18:57:58","slug":"education-2","status":"publish","type":"page","link":"https:\/\/walkerssecurity.ca\/fr\/education-2\/","title":{"rendered":"Education"},"content":{"rendered":"<p>Les \u00e9coles\u00a0et les \u00e9tablissements postsecondaires ont \u00e9galement besoin d&#8217;agents de s\u00e9curit\u00e9 capables de souplesse tout \u00e9tant fermes. Les agents de S\u00e9curit\u00e9 Walkers sont form\u00e9s \u00e0 toutes les situations, allant de la simple circulation des \u00e9tudiants sur les campus \u00e0 des \u00e9v\u00e9nements sociaux ou sportifs, en passant par les fermetures d&#8217;urgence. Ces agents travaillent de fa\u00e7on discr\u00e8te et professionnelle.<!--more--><\/p>\n","protected":false},"excerpt":{"rendered":"<p>Schools and post-secondary institutions also require security teams that know how to blend flexibility and judgment with firmness and discipline.<\/p>\n","protected":false},"author":5,"featured_media":181,"parent":0,"menu_order":1,"comment_status":"open","ping_status":"closed","template":"","meta":{"footnotes":""},"class_list":["post-139","page","type-page","status-publish","has-post-thumbnail","hentry"],"translation":{"provider":"WPGlobus","version":"3.0.0","language":"fr","enabled_languages":["en","fr"],"languages":{"en":{"title":true,"content":true,"excerpt":false},"fr":{"title":false,"content":true,"excerpt":false}}},"_links":{"self":[{"href":"https:\/\/walkerssecurity.ca\/fr\/wp-json\/wp\/v2\/pages\/139","targetHints":{"allow":["GET"]}}],"collection":[{"href":"https:\/\/walkerssecurity.ca\/fr\/wp-json\/wp\/v2\/pages"}],"about":[{"href":"https:\/\/walkerssecurity.ca\/fr\/wp-json\/wp\/v2\/types\/page"}],"author":[{"embeddable":true,"href":"https:\/\/walkerssecurity.ca\/fr\/wp-json\/wp\/v2\/users\/5"}],"replies":[{"embeddable":true,"href":"https:\/\/walkerssecurity.ca\/fr\/wp-json\/wp\/v2\/comments?post=139"}],"version-history":[{"count":7,"href":"https:\/\/walkerssecurity.ca\/fr\/wp-json\/wp\/v2\/pages\/139\/revisions"}],"predecessor-version":[{"id":982,"href":"https:\/\/walkerssecurity.ca\/fr\/wp-json\/wp\/v2\/pages\/139\/revisions\/982"}],"wp:featuredmedia":[{"embeddable":true,"href":"https:\/\/walkerssecurity.ca\/fr\/wp-json\/wp\/v2\/media\/181"}],"wp:attachment":[{"href":"https:\/\/walkerssecurity.ca\/fr\/wp-json\/wp\/v2\/media?parent=139"}],"curies":[{"name":"wp","href":"https:\/\/api.w.org\/{rel}","templated":true}]}}