{"id":137,"date":"2011-12-06T19:27:04","date_gmt":"2011-12-06T19:27:04","guid":{"rendered":"http:\/\/walkers.brighthost.ca\/?page_id=137"},"modified":"2017-12-30T18:57:01","modified_gmt":"2017-12-30T18:57:01","slug":"healthcare","status":"publish","type":"page","link":"https:\/\/walkerssecurity.ca\/fr\/healthcare\/","title":{"rendered":"Health Care"},"content":{"rendered":"<p>S\u00e9curit\u00e9 Walkers se sp\u00e9cialise depuis plus de 20 ans dans la s\u00e9curit\u00e9 des\u00a0\u00e9tablissements de soins de sant\u00e9. Quand des vies sont en jeu, rien de moins ne fait l&#8217;affaire. Nos agents de s\u00e9curit\u00e9 suivent une formation sp\u00e9cialis\u00e9e de 40 \u00e0 120 heures sur les normes de la IAHSS afin d&#8217;\u00eatre pr\u00eats \u00e0 travailler dans les h\u00f4pitaux. Ces agents poss\u00e8dent les comp\u00e9tences n\u00e9cessaires pour intervenir rapidement et fermement, ainsi qu&#8217;avec intelligence et compassion, lors des nombreuses urgences susceptibles de se produire dans les h\u00f4pitaux.<!--more--><\/p>\n<p>Nos deux d\u00e9cennies d&#8217;exp\u00e9rience dans le secteur des soins de sant\u00e9, \u00e0 la fois au Nouveau-Brunswick et en Nouvelle-\u00c9cosse, nous ont permis de nous familiariser pleinement avec les \u00e9tablissements de soins de sant\u00e9 de la r\u00e9gion et leurs \u00e9quipes. Gr\u00e2ce \u00e0 notre personnel bilingue, les patients, les visiteurs et les soignants ont acc\u00e8s \u00e0 nos services dans la langue de leur choix, ce qui est essentiel en p\u00e9riode de stress.<\/p>\n<p>Notre travail de surveillance et de gestion, qui est fond\u00e9 sur la collaboration et la consultation, comprend la pr\u00e9sence, sur place, de superviseurs charg\u00e9s de surveiller le personnel de Walkers ainsi que d&#8217;offrir, de fa\u00e7on imm\u00e9diate et par la collaboration, des interventions adapt\u00e9es aux exigences du personnel m\u00e9dical et administratif. En cas de besoin, ces superviseurs ont \u00e0 leur tour acc\u00e8s \u00e0 tout moment \u00e0 l&#8217;\u00e9quipe de soutien qui se trouve au si\u00e8ge social.<\/p>\n","protected":false},"excerpt":{"rendered":"<p>Providing reliable security services for health care facilities has been a Walkers specialty for over 20 years. When lives are at stake, nothing less will do. Our security officers receive from 40 to 120 hours of specialized training to IAHSS standards to fit them for deployment in hospital settings.<\/p>\n","protected":false},"author":5,"featured_media":183,"parent":0,"menu_order":0,"comment_status":"open","ping_status":"closed","template":"","meta":{"footnotes":""},"class_list":["post-137","page","type-page","status-publish","has-post-thumbnail","hentry"],"translation":{"provider":"WPGlobus","version":"3.0.0","language":"fr","enabled_languages":["en","fr"],"languages":{"en":{"title":true,"content":true,"excerpt":false},"fr":{"title":false,"content":true,"excerpt":false}}},"_links":{"self":[{"href":"https:\/\/walkerssecurity.ca\/fr\/wp-json\/wp\/v2\/pages\/137","targetHints":{"allow":["GET"]}}],"collection":[{"href":"https:\/\/walkerssecurity.ca\/fr\/wp-json\/wp\/v2\/pages"}],"about":[{"href":"https:\/\/walkerssecurity.ca\/fr\/wp-json\/wp\/v2\/types\/page"}],"author":[{"embeddable":true,"href":"https:\/\/walkerssecurity.ca\/fr\/wp-json\/wp\/v2\/users\/5"}],"replies":[{"embeddable":true,"href":"https:\/\/walkerssecurity.ca\/fr\/wp-json\/wp\/v2\/comments?post=137"}],"version-history":[{"count":10,"href":"https:\/\/walkerssecurity.ca\/fr\/wp-json\/wp\/v2\/pages\/137\/revisions"}],"predecessor-version":[{"id":980,"href":"https:\/\/walkerssecurity.ca\/fr\/wp-json\/wp\/v2\/pages\/137\/revisions\/980"}],"wp:featuredmedia":[{"embeddable":true,"href":"https:\/\/walkerssecurity.ca\/fr\/wp-json\/wp\/v2\/media\/183"}],"wp:attachment":[{"href":"https:\/\/walkerssecurity.ca\/fr\/wp-json\/wp\/v2\/media?parent=137"}],"curies":[{"name":"wp","href":"https:\/\/api.w.org\/{rel}","templated":true}]}}