{"id":13,"date":"2011-12-05T17:17:03","date_gmt":"2011-12-05T17:17:03","guid":{"rendered":"http:\/\/walkers.brighthost.ca\/?page_id=13"},"modified":"2021-04-27T00:04:14","modified_gmt":"2021-04-27T00:04:14","slug":"about-us","status":"publish","type":"page","link":"https:\/\/walkerssecurity.ca\/fr\/about-us\/","title":{"rendered":"About Us"},"content":{"rendered":"<p>Cr\u00e9\u00e9e il y a plus que quarante ans, S\u00e9curit\u00e9 Walkers tire sa fiert\u00e9 de l&#8217;excellence des services qu&#8217;elle offre. Depuis sa constitution en soci\u00e9t\u00e9 en 1973, S\u00e9curit\u00e9 Walkers n&#8217;a pas cess\u00e9 de fournir des services de s\u00e9curit\u00e9 et d&#8217;enqu\u00eate au Nouveau-Brunswick et en Nouvelle-\u00c9cosse. S\u00e9curit\u00e9 Walkers\u00a0offre de nombreux services de s\u00e9curit\u00e9 alliant des m\u00e9thodes traditionnelles aux technologies les plus r\u00e9centes. Notre but est de fournir \u00e0 nos clients des solutions int\u00e9gr\u00e9es permettant de g\u00e9rer toutes les situations en mati\u00e8re de s\u00e9curit\u00e9. Notre objectif strat\u00e9gique est de toujours rester au courant des progr\u00e8s effectu\u00e9s dans le domaine de s\u00e9curit\u00e9. Nous sommes conscients de l&#8217;importance de regarder vers l&#8217;avenir tout en maintenant un ensemble solide de comp\u00e9tences, d&#8217;exp\u00e9riences et de ressources.<!--more--><\/p>\n<p>Notre si\u00e8ge social est situ\u00e9 \u00e0 Moncton et nous poss\u00e9dons plusieurs bureaux au Nouveau-Brunswick et en Nouvelle-\u00c9cosse, ce qui nous permet de r\u00e9investir dans les provinces qui nous ont soutenus au fil des ans.<\/p>\n<p>L&#8217;excellence de nos services s&#8217;accompagne de relations porteuses avec les personnes que nous servons, gr\u00e2ce \u00e0 des contacts personnels et r\u00e9guliers avec celles-ci. Pour toute question, nous invitons nos clients \u00e0 communiquer avec notre si\u00e8ge social afin d&#8217;obtenir le plus rapidement possible un service professionnel. Nous conservons depuis des ann\u00e9es notre place au sein du march\u00e9 des services de s\u00e9curit\u00e9 en offrant des services fiables et des solutions personnalis\u00e9es. Sur ce march\u00e9 hautement concurrentiel, nous continuerons \u00e0 offrir \u00e0 tous nos clients des services honn\u00eates et fiables. Nous continuerons \u00e0 offrir ces services \u00e0 un co\u00fbt raisonnable tout en maintenant des normes \u00e9lev\u00e9es, \u00e0 la fois au plan de la s\u00e9curit\u00e9 et au plan administratif.<\/p>\n","protected":false},"excerpt":{"rendered":"<p>In business for over forty years, Walkers Security prides itself on quality service.\u00a0 Since incorporation in 1973, we have provided continuous security and investigative services in New Brunswick and Nova Scotia.\u00a0<\/p>\n","protected":false},"author":5,"featured_media":172,"parent":0,"menu_order":0,"comment_status":"open","ping_status":"closed","template":"","meta":{"footnotes":""},"class_list":["post-13","page","type-page","status-publish","has-post-thumbnail","hentry"],"translation":{"provider":"WPGlobus","version":"3.0.0","language":"fr","enabled_languages":["en","fr"],"languages":{"en":{"title":true,"content":true,"excerpt":false},"fr":{"title":false,"content":true,"excerpt":false}}},"_links":{"self":[{"href":"https:\/\/walkerssecurity.ca\/fr\/wp-json\/wp\/v2\/pages\/13","targetHints":{"allow":["GET"]}}],"collection":[{"href":"https:\/\/walkerssecurity.ca\/fr\/wp-json\/wp\/v2\/pages"}],"about":[{"href":"https:\/\/walkerssecurity.ca\/fr\/wp-json\/wp\/v2\/types\/page"}],"author":[{"embeddable":true,"href":"https:\/\/walkerssecurity.ca\/fr\/wp-json\/wp\/v2\/users\/5"}],"replies":[{"embeddable":true,"href":"https:\/\/walkerssecurity.ca\/fr\/wp-json\/wp\/v2\/comments?post=13"}],"version-history":[{"count":13,"href":"https:\/\/walkerssecurity.ca\/fr\/wp-json\/wp\/v2\/pages\/13\/revisions"}],"predecessor-version":[{"id":993,"href":"https:\/\/walkerssecurity.ca\/fr\/wp-json\/wp\/v2\/pages\/13\/revisions\/993"}],"wp:featuredmedia":[{"embeddable":true,"href":"https:\/\/walkerssecurity.ca\/fr\/wp-json\/wp\/v2\/media\/172"}],"wp:attachment":[{"href":"https:\/\/walkerssecurity.ca\/fr\/wp-json\/wp\/v2\/media?parent=13"}],"curies":[{"name":"wp","href":"https:\/\/api.w.org\/{rel}","templated":true}]}}