{"id":119,"date":"2011-12-06T15:59:34","date_gmt":"2011-12-06T15:59:34","guid":{"rendered":"http:\/\/walkers.brighthost.ca\/?page_id=119"},"modified":"2017-12-30T19:02:19","modified_gmt":"2017-12-30T19:02:19","slug":"ancillary-security-service","status":"publish","type":"page","link":"https:\/\/walkerssecurity.ca\/fr\/security-services\/ancillary-security-service\/","title":{"rendered":"Ancillary Security Service"},"content":{"rendered":"<p>En plus des services dans lesquels Walkers se sp\u00e9cialise, cette soci\u00e9t\u00e9 est heureuse de pouvoir offrir une gamme compl\u00e8te de services de s\u00e9curit\u00e9 compl\u00e9mentaires. Il s&#8217;agit de :<!--more--><\/p>\n<h3><strong>Signaleurs routiers<\/strong><\/h3>\n<p>Walkers est en mesure d&#8217;affecter des signaleurs et des brigadiers ainsi que de fournir tout l&#8217;\u00e9quipement n\u00e9cessaire \u00e0 une mission, comme du mat\u00e9riel de signalisation routi\u00e8re, des gilets fluorescents et des radios.<\/p>\n<h3><strong>Patrouilles mobiles<\/strong><\/h3>\n<p>Les agents de s\u00e9curit\u00e9 de Walkers patrouillent les lieux sous surveillance\u00a0apr\u00e8s les heures de bureau, pendant les week-ends ou les cong\u00e9s. Notre pr\u00e9sence \u00e0 proximit\u00e9 de l&#8217;entreprise d&#8217;un client r\u00e9duit les risques d&#8217;introduction par effraction et permet de rep\u00e9rer toutes les activit\u00e9s inhabituelles.<\/p>\n<h3><strong>Vid\u00e9osurveillance et intervention en cas d&#8217;alerte<\/strong><\/h3>\n<p>Walkers est en mesure, partout dans les Maritimes, d&#8217;intervenir aupr\u00e8s des entreprises en cas d&#8217;alerte. Lors de chaque mission, les agents de s\u00e9curit\u00e9 \u00e9valuent la situation et restent sur place jusqu&#8217;\u00e0 ce que le site soit jug\u00e9 enti\u00e8rement s\u00fbr.<\/p>\n<h3><strong>S\u00e9curit\u00e9 dans des relations de travail<\/strong><\/h3>\n<p>Notre personnel qualifi\u00e9 peut aider \u00e0 maintenir l&#8217;ordre pendant les conflits sociaux.<\/p>\n<h3><strong>Escorte et services de s\u00e9curit\u00e9 personnels<\/strong><\/h3>\n<p>Quand des individus sont expos\u00e9s \u00e0 des situations comportant des risques, Walkers peut les escorter sur un lieu de travail ou \u00e0 toute autre endroit. Par exemple, nos agents assurent la surveillance des abords pendant que des techniciens proc\u00e8dent \u00e0 la r\u00e9paration ou \u00e0 l&#8217;entretien de guichets automatiques.<\/p>\n<h3><strong>Enqu\u00eates<\/strong><\/h3>\n<p>Walkers a parfois recours \u00e0 des enqu\u00eateurs exp\u00e9riment\u00e9s et autoris\u00e9s pour les cas de fraude, d&#8217;infractions, de pr\u00e9paration d&#8217;affaires civiles, criminelles ou domestiques, ainsi que lors d&#8217;enqu\u00eates priv\u00e9es.<\/p>\n","protected":false},"excerpt":{"rendered":"<p>In addition to our core specialties, Walkers is proud to offer a full range of additional security services as required.<\/p>\n","protected":false},"author":5,"featured_media":197,"parent":9,"menu_order":3,"comment_status":"open","ping_status":"closed","template":"","meta":{"footnotes":""},"class_list":["post-119","page","type-page","status-publish","has-post-thumbnail","hentry"],"translation":{"provider":"WPGlobus","version":"3.0.0","language":"fr","enabled_languages":["en","fr"],"languages":{"en":{"title":true,"content":true,"excerpt":false},"fr":{"title":false,"content":true,"excerpt":false}}},"_links":{"self":[{"href":"https:\/\/walkerssecurity.ca\/fr\/wp-json\/wp\/v2\/pages\/119","targetHints":{"allow":["GET"]}}],"collection":[{"href":"https:\/\/walkerssecurity.ca\/fr\/wp-json\/wp\/v2\/pages"}],"about":[{"href":"https:\/\/walkerssecurity.ca\/fr\/wp-json\/wp\/v2\/types\/page"}],"author":[{"embeddable":true,"href":"https:\/\/walkerssecurity.ca\/fr\/wp-json\/wp\/v2\/users\/5"}],"replies":[{"embeddable":true,"href":"https:\/\/walkerssecurity.ca\/fr\/wp-json\/wp\/v2\/comments?post=119"}],"version-history":[{"count":12,"href":"https:\/\/walkerssecurity.ca\/fr\/wp-json\/wp\/v2\/pages\/119\/revisions"}],"predecessor-version":[{"id":989,"href":"https:\/\/walkerssecurity.ca\/fr\/wp-json\/wp\/v2\/pages\/119\/revisions\/989"}],"up":[{"embeddable":true,"href":"https:\/\/walkerssecurity.ca\/fr\/wp-json\/wp\/v2\/pages\/9"}],"wp:featuredmedia":[{"embeddable":true,"href":"https:\/\/walkerssecurity.ca\/fr\/wp-json\/wp\/v2\/media\/197"}],"wp:attachment":[{"href":"https:\/\/walkerssecurity.ca\/fr\/wp-json\/wp\/v2\/media?parent=119"}],"curies":[{"name":"wp","href":"https:\/\/api.w.org\/{rel}","templated":true}]}}