{"id":113,"date":"2011-12-06T15:58:33","date_gmt":"2011-12-06T15:58:33","guid":{"rendered":"http:\/\/walkers.brighthost.ca\/?page_id=113"},"modified":"2017-12-30T19:00:24","modified_gmt":"2017-12-30T19:00:24","slug":"data-security","status":"publish","type":"page","link":"https:\/\/walkerssecurity.ca\/fr\/security-services\/data-security\/","title":{"rendered":"Data Security"},"content":{"rendered":"<p>L&#8217;information est le\u00a0produit le plus pr\u00e9cieux que poss\u00e8dent de nombreuses entreprises et organisations; c&#8217;est pourquoi leur besoin le plus important en mati\u00e8re de s\u00e9curit\u00e9 concerne le stockage et la r\u00e9cup\u00e9ration de donn\u00e9es, faits en toute s\u00e9curit\u00e9. S\u00e9curit\u00e9 Walkers d\u00e9ploie tous les efforts n\u00e9cessaires pour se tenir au courant de l&#8217;\u00e9volution des technologies de l&#8217;information afin d&#8217;offrir \u00e0 ses clients les services de s\u00e9curit\u00e9 de donn\u00e9es les plus fiables qui soient, en fonction de leurs besoins et de leur \u00e9quipement.<!--more--><\/p>\n","protected":false},"excerpt":{"rendered":"<p>Information is the most precious commodity of many businesses and organizations and safe data storage, and retrieval their most pressing security need.\u00a0<\/p>\n","protected":false},"author":5,"featured_media":188,"parent":9,"menu_order":2,"comment_status":"open","ping_status":"closed","template":"","meta":{"footnotes":""},"class_list":["post-113","page","type-page","status-publish","has-post-thumbnail","hentry"],"translation":{"provider":"WPGlobus","version":"3.0.0","language":"fr","enabled_languages":["en","fr"],"languages":{"en":{"title":true,"content":true,"excerpt":false},"fr":{"title":false,"content":true,"excerpt":false}}},"_links":{"self":[{"href":"https:\/\/walkerssecurity.ca\/fr\/wp-json\/wp\/v2\/pages\/113","targetHints":{"allow":["GET"]}}],"collection":[{"href":"https:\/\/walkerssecurity.ca\/fr\/wp-json\/wp\/v2\/pages"}],"about":[{"href":"https:\/\/walkerssecurity.ca\/fr\/wp-json\/wp\/v2\/types\/page"}],"author":[{"embeddable":true,"href":"https:\/\/walkerssecurity.ca\/fr\/wp-json\/wp\/v2\/users\/5"}],"replies":[{"embeddable":true,"href":"https:\/\/walkerssecurity.ca\/fr\/wp-json\/wp\/v2\/comments?post=113"}],"version-history":[{"count":8,"href":"https:\/\/walkerssecurity.ca\/fr\/wp-json\/wp\/v2\/pages\/113\/revisions"}],"predecessor-version":[{"id":985,"href":"https:\/\/walkerssecurity.ca\/fr\/wp-json\/wp\/v2\/pages\/113\/revisions\/985"}],"up":[{"embeddable":true,"href":"https:\/\/walkerssecurity.ca\/fr\/wp-json\/wp\/v2\/pages\/9"}],"wp:featuredmedia":[{"embeddable":true,"href":"https:\/\/walkerssecurity.ca\/fr\/wp-json\/wp\/v2\/media\/188"}],"wp:attachment":[{"href":"https:\/\/walkerssecurity.ca\/fr\/wp-json\/wp\/v2\/media?parent=113"}],"curies":[{"name":"wp","href":"https:\/\/api.w.org\/{rel}","templated":true}]}}