{"id":109,"date":"2011-12-06T15:57:12","date_gmt":"2011-12-06T15:57:12","guid":{"rendered":"http:\/\/walkers.brighthost.ca\/?page_id=109"},"modified":"2017-12-30T18:59:44","modified_gmt":"2017-12-30T18:59:44","slug":"public-venue-security","status":"publish","type":"page","link":"https:\/\/walkerssecurity.ca\/fr\/security-services\/public-venue-security\/","title":{"rendered":"Public and Private Safety and Property Protection"},"content":{"rendered":"<p>Walkers emploie des agents de s\u00e9curit\u00e9 en uniforme pour prot\u00e9ger de nombreux sites commerciaux et industriels, \u00e0 la fois au Nouveau-Brunswick et en Nouvelle-\u00c9cosse. Il s&#8217;agit des lieux suivants : \u00e9difices de bureaux, chantiers et centres commerciaux, entreprises, lotissements r\u00e9sidentiels, usines, raffineries de p\u00e9trole et de gaz, industries lourdes, mines, laboratoires, ports, a\u00e9roports, banques, mus\u00e9es, galeries d&#8217;art et infrastructure.<!--more--><\/p>\n<p>Nous offrons une gamme compl\u00e8te de services de s\u00e9curit\u00e9 :<\/p>\n<ul>\n<li>Les agents de patrouille sont charg\u00e9s de patrouiller et de chercher des\u00a0individus suspects, des\u00a0v\u00e9hicules ou du mat\u00e9riel, ainsi que d&#8217;effectuer des \u00e9valuations\u00a0de s\u00e9curit\u00e9 et d&#8217;alerte d&#8217;incendie fr\u00e9quentes.<\/li>\n<li>Les agents de s\u00e9curit\u00e9 internes sont charg\u00e9s de surveiller les endroits d&#8217;acc\u00e8s limit\u00e9 et l&#8217;\u00e9quipement qui s&#8217;y trouve.<\/li>\n<li>Les r\u00e9ceptionnistes\u00a0et les concierges sont charg\u00e9s de surveiller les personnes qui entrent et qui sortent des \u00e9difices, de surveiller et d&#8217;acheminer les appels entrants ainsi que d&#8217;intervenir en cas d&#8217;alerte de s\u00e9curit\u00e9 et de d\u00e9clenchement des syst\u00e8mes de s\u00e9curit\u00e9.<\/li>\n<li>S\u00e9curit\u00e9 des stationnements : contr\u00f4ler l&#8217;identification et les permis d&#8217;acc\u00e8s de\u00a0tous les v\u00e9hicules, \u00e0 l&#8217;entr\u00e9e et \u00e0 la sortie des stationnements.<\/li>\n<\/ul>\n<p>Walkers peut de plus affecter des \u00e9quipes de s\u00e9curit\u00e9 pour la gestion des all\u00e9es et venues et des acc\u00e8s, la protection personnelle ainsi que le contr\u00f4le des foules lors d&#8217;expositions commerciales, de concerts de rock et d&#8217;autres types d&#8217;\u00e9v\u00e9nements publics.<\/p>\n","protected":false},"excerpt":{"rendered":"<p>Uniformed security officers are employed by Walkers to protect a wide variety of commercial and industrial sites in New Brunswick and Nova Scotia. Locations range from office buildings, construction sites and shopping centres, to businesses, residential developments, factories, oil and gas refineries, heavy industry, mining, laboratories, seaports and harbors, airports, banks, museums, art galleries, and <a href=\"https:\/\/walkerssecurity.ca\/fr\/security-services\/public-venue-security\/\" class=\"read-more-excerpt\">Read More <i class=\"fa fa-chevron-circle-right\"><\/i><\/a><\/p>\n","protected":false},"author":5,"featured_media":186,"parent":9,"menu_order":1,"comment_status":"open","ping_status":"closed","template":"","meta":{"footnotes":""},"class_list":["post-109","page","type-page","status-publish","has-post-thumbnail","hentry"],"translation":{"provider":"WPGlobus","version":"3.0.0","language":"fr","enabled_languages":["en","fr"],"languages":{"en":{"title":true,"content":true,"excerpt":false},"fr":{"title":false,"content":true,"excerpt":false}}},"_links":{"self":[{"href":"https:\/\/walkerssecurity.ca\/fr\/wp-json\/wp\/v2\/pages\/109","targetHints":{"allow":["GET"]}}],"collection":[{"href":"https:\/\/walkerssecurity.ca\/fr\/wp-json\/wp\/v2\/pages"}],"about":[{"href":"https:\/\/walkerssecurity.ca\/fr\/wp-json\/wp\/v2\/types\/page"}],"author":[{"embeddable":true,"href":"https:\/\/walkerssecurity.ca\/fr\/wp-json\/wp\/v2\/users\/5"}],"replies":[{"embeddable":true,"href":"https:\/\/walkerssecurity.ca\/fr\/wp-json\/wp\/v2\/comments?post=109"}],"version-history":[{"count":7,"href":"https:\/\/walkerssecurity.ca\/fr\/wp-json\/wp\/v2\/pages\/109\/revisions"}],"predecessor-version":[{"id":984,"href":"https:\/\/walkerssecurity.ca\/fr\/wp-json\/wp\/v2\/pages\/109\/revisions\/984"}],"up":[{"embeddable":true,"href":"https:\/\/walkerssecurity.ca\/fr\/wp-json\/wp\/v2\/pages\/9"}],"wp:featuredmedia":[{"embeddable":true,"href":"https:\/\/walkerssecurity.ca\/fr\/wp-json\/wp\/v2\/media\/186"}],"wp:attachment":[{"href":"https:\/\/walkerssecurity.ca\/fr\/wp-json\/wp\/v2\/media?parent=109"}],"curies":[{"name":"wp","href":"https:\/\/api.w.org\/{rel}","templated":true}]}}